{"id":2516,"date":"2023-01-14T08:18:32","date_gmt":"2023-01-14T05:18:32","guid":{"rendered":"https:\/\/diaspocam.ru\/?page_id=2516"},"modified":"2023-01-18T09:50:50","modified_gmt":"2023-01-18T06:50:50","slug":"blog","status":"publish","type":"page","link":"https:\/\/diaspocam.ru\/ru\/blog\/","title":{"rendered":"\u0411\u043b\u043e\u0433"},"content":{"rendered":"<section class=\"wpb-content-wrapper\"><section class=\"l-section wpb_row height_small\"><div class=\"l-section-overlay\" style=\"background:var(--color-header-middle-bg)\"><\/div><div class=\"l-section-h i-cf\"><div class=\"g-cols vc_row via_grid cols_1 laptops-cols_inherit tablets-cols_inherit mobiles-cols_1 valign_top type_default stacking_default\"><div class=\"wpb_column vc_column_container\"><div class=\"vc_column-inner\"><div class=\"g-cols wpb_row via_grid cols_2 laptops-cols_inherit tablets-cols_inherit mobiles-cols_1 valign_bottom type_default stacking_default\"><div class=\"wpb_column vc_column_container\"><div class=\"vc_column-inner\"><div class=\"w-search layout_simple\"><div class=\"w-search-form\"><form class=\"w-form-row for_text\" action=\"https:\/\/diaspocam.ru\/ru\/\" method=\"get\"><div class=\"w-form-row-field\"><input type=\"text\" name=\"s\" id=\"us_form_search_s\" placeholder=\"\u041f\u043e\u0438\u0441\u043a\" aria-label=\"\u041f\u043e\u0438\u0441\u043a\" value\/><input type=\"hidden\" name=\"post_type\" value=\"post\" \/><input type=\"hidden\" name=\"lang\" value=\"ru\" \/><\/div><button class=\"w-search-form-btn w-btn\" type=\"submit\" aria-label=\"\u041f\u043e\u0438\u0441\u043a\" style=\"font-size:18px;\"><i class=\"fas fa-search\"><\/i><\/button><\/form><\/div><\/div><\/div><\/div><div class=\"wpb_column vc_column_container\"><div class=\"vc_column-inner\">[vc_wp_archives options=&#187;dropdown,count&#187;]<\/div><\/div><\/div><\/div><\/div><\/div><\/div><\/section><section class=\"l-section wpb_row height_medium\"><div class=\"l-section-h i-cf\"><div class=\"g-cols vc_row via_grid cols_1 laptops-cols_inherit tablets-cols_inherit mobiles-cols_1 valign_top type_default stacking_default\"><div class=\"wpb_column vc_column_container\"><div class=\"vc_column-inner\"><div class=\"g-cols wpb_row via_grid cols_1 laptops-cols_inherit tablets-cols_inherit mobiles-cols_1 valign_top type_default stacking_default\"><div class=\"wpb_column vc_column_container\"><div class=\"vc_column-inner\"><div class=\"w-grid type_grid layout_606 with_pagination with_css_animation\" id=\"us_grid_1\" data-filterable=\"true\"><style>#us_grid_1 .w-grid-item:not(:last-child){margin-bottom:1.5rem}#us_grid_1 .g-loadmore{margin-top:1.5rem}.layout_606 .w-grid-item-h{}.layout_606 .usg_post_image_1{width:25%!important;margin-right:5%!important}.layout_606 .usg_post_title_1{font-size:2rem!important;margin-bottom:0.3rem!important}.layout_606 .usg_vwrapper_1{width:70%!important}@media (min-width:1025px) and (max-width:1280px){.layout_606 .usg_post_image_1{width:25%!important}.layout_606 .usg_vwrapper_1{width:70%!important}}@media (min-width:601px) and (max-width:1024px){.layout_606 .usg_post_image_1{width:100%!important}.layout_606 .usg_vwrapper_1{width:100%!important}}@media (max-width:600px){.layout_606 .usg_post_image_1{width:100%!important}.layout_606 .usg_vwrapper_1{width:100%!important}}<\/style><div class=\"w-grid-list\">\t<article class=\"w-grid-item us_animate_afb size_1x1 post-2621 post type-post status-publish format-standard has-post-thumbnail hentry category-blog\" data-id=\"2621\">\r\n\t\t<div class=\"w-grid-item-h\">\r\n\t\t\t\t\t\t<div class=\"w-hwrapper usg_hwrapper_1 align_none valign_middle wrap\" style=\"--hwrapper-gap:1.20rem\"><div class=\"w-post-elm post_image usg_post_image_1 has_width has_ratio\"><div style=\"padding-bottom:100%\"><\/div><a href=\"https:\/\/diaspocam.ru\/ru\/prodlenie-pasporta\/\" aria-label=\"\u041f\u0440\u043e\u0434\u043b\u0435\u043d\u0438\u0435 \u041f\u0430\u0441\u043f\u043e\u0440\u0442\u0430\"><img width=\"834\" height=\"1600\" src=\"https:\/\/diaspocam.ru\/wp-content\/uploads\/2023\/01\/4-1.jpg\" class=\"attachment-full size-full wp-post-image\" alt=\"\" loading=\"lazy\" srcset=\"https:\/\/diaspocam.ru\/wp-content\/uploads\/2023\/01\/4-1.jpg 834w, https:\/\/diaspocam.ru\/wp-content\/uploads\/2023\/01\/4-1-156x300.jpg 156w, https:\/\/diaspocam.ru\/wp-content\/uploads\/2023\/01\/4-1-534x1024.jpg 534w\" sizes=\"(max-width: 834px) 100vw, 834px\" \/><\/a><\/div><div class=\"w-vwrapper usg_vwrapper_1 align_none valign_top\"><h2 class=\"w-post-elm post_title usg_post_title_1 entry-title color_link_inherit\"><a href=\"https:\/\/diaspocam.ru\/ru\/prodlenie-pasporta\/\">\u041f\u0440\u043e\u0434\u043b\u0435\u043d\u0438\u0435 \u041f\u0430\u0441\u043f\u043e\u0440\u0442\u0430<\/a><\/h2><div class=\"w-hwrapper usg_hwrapper_2 align_none valign_top wrap\" style=\"--hwrapper-gap:1.20rem\"><div class=\"w-post-elm post_content usg_post_content_1\">\u041a\u0410\u041a \u041f\u0420\u041e\u0414\u041b\u0418\u0422\u042c \u0421\u0412\u041e\u0419 \u041f\u0410\u0421\u041f\u041e\u0420\u0422 \u0412 \u0420\u041e\u0421\u0421\u0418\u0418 ? \u0417\u0434\u0440\u0430\u0432\u0441\u0442\u0432\u0443\u0439\u0442\u0435, \u0434\u043e\u0440\u043e\u0433\u0438\u0435 \u0431\u0440\u0430\u0442\u044c\u044f \u0438 \u0441\u0435\u0441\u0442\u0440\u044b, \u0421\u0435\u0433\u043e\u0434\u043d\u044f \u043c\u044b \u0434\u0435\u043b\u0438\u043c\u0441\u044f \u0441 \u0432\u0430\u043c\u0438 \u043f\u0440\u043e\u0446\u0435\u0441\u0441\u043e\u043c \u043f\u0440\u043e\u0434\u043b\u0435\u043d\u0438\u044f \u043a\u0430\u043c\u0435\u0440\u0443\u043d\u0441\u043a\u043e\u0433\u043e&hellip;<\/div><\/div><a class=\"w-btn us-btn-style_1 usg_btn_1\" href=\"https:\/\/diaspocam.ru\/ru\/prodlenie-pasporta\/\"><span class=\"w-btn-label\">\u0427\u0438\u0442\u0430\u0442\u044c \u0434\u0430\u043b\u0435\u0435<\/span><\/a><\/div><\/div>\t\t<\/div>\r\n\t<\/article>\r\n\t<article class=\"w-grid-item us_animate_afb size_1x1 post-2616 post type-post status-publish format-standard has-post-thumbnail hentry category-blog\" data-id=\"2616\">\r\n\t\t<div class=\"w-grid-item-h\">\r\n\t\t\t\t\t\t<div class=\"w-hwrapper usg_hwrapper_1 align_none valign_middle wrap\" style=\"--hwrapper-gap:1.20rem\"><div class=\"w-post-elm post_image usg_post_image_1 has_width has_ratio\"><div style=\"padding-bottom:100%\"><\/div><a href=\"https:\/\/diaspocam.ru\/ru\/konsulskaya-karta\/\" aria-label=\"\u041a\u043e\u043d\u0441\u0443\u043b\u044c\u0441\u043a\u0430\u044f \u041a\u0430\u0440\u0442\u0430\"><img width=\"578\" height=\"446\" src=\"https:\/\/diaspocam.ru\/wp-content\/uploads\/2023\/01\/3-4.jpg\" class=\"attachment-full size-full wp-post-image\" alt=\"\" loading=\"lazy\" srcset=\"https:\/\/diaspocam.ru\/wp-content\/uploads\/2023\/01\/3-4.jpg 578w, https:\/\/diaspocam.ru\/wp-content\/uploads\/2023\/01\/3-4-300x231.jpg 300w\" sizes=\"(max-width: 578px) 100vw, 578px\" \/><\/a><\/div><div class=\"w-vwrapper usg_vwrapper_1 align_none valign_top\"><h2 class=\"w-post-elm post_title usg_post_title_1 entry-title color_link_inherit\"><a href=\"https:\/\/diaspocam.ru\/ru\/konsulskaya-karta\/\">\u041a\u043e\u043d\u0441\u0443\u043b\u044c\u0441\u043a\u0430\u044f \u041a\u0430\u0440\u0442\u0430<\/a><\/h2><div class=\"w-hwrapper usg_hwrapper_2 align_none valign_top wrap\" style=\"--hwrapper-gap:1.20rem\"><div class=\"w-post-elm post_content usg_post_content_1\">\u0417\u0410\u0427\u0415\u041c \u041d\u0415\u041e\u0411\u0425\u041e\u0414\u0418\u041c\u041e \u0418\u041c\u0415\u0422\u042c \u041a\u041e\u041d\u0421\u0423\u041b\u042c\u0421\u041a\u041e\u0419 \u041a\u0410\u0420\u0422\u042b\u00a0? \u0420\u0435\u0433\u0438\u0441\u0442\u0440\u0430\u0446\u0438\u044f \u043a\u0430\u043c\u0435\u0440\u0443\u043d\u0446\u0435\u0432, \u043f\u0440\u043e\u0436\u0438\u0432\u0430\u044e\u0449\u0438\u0445 \u0432 \u0441\u0442\u0440\u0430\u043d\u0430\u0445, \u043f\u043e\u0434\u043f\u0430\u0434\u0430\u044e\u0449\u0438\u0445 \u043f\u043e\u0434 \u044e\u0440\u0438\u0441\u0434\u0438\u043a\u0446\u0438\u044e \u043f\u043e\u0441\u043e\u043b\u044c\u0441\u0442\u0432\u0430 \u041a\u0430\u043c\u0435\u0440\u0443\u043d\u0430 \ud83c\udde8\ud83c\uddf2 \u0432 \u041c\u043e\u0441\u043a\u0432\u0435 : \u0412\u043b\u0430\u0434\u0435\u043b\u0435\u0446&hellip;<\/div><\/div><a class=\"w-btn us-btn-style_1 usg_btn_1\" href=\"https:\/\/diaspocam.ru\/ru\/konsulskaya-karta\/\"><span class=\"w-btn-label\">\u0427\u0438\u0442\u0430\u0442\u044c \u0434\u0430\u043b\u0435\u0435<\/span><\/a><\/div><\/div>\t\t<\/div>\r\n\t<\/article>\r\n\t<article class=\"w-grid-item us_animate_afb size_1x1 post-2608 post type-post status-publish format-standard has-post-thumbnail hentry category-blog\" data-id=\"2608\">\r\n\t\t<div class=\"w-grid-item-h\">\r\n\t\t\t\t\t\t<div class=\"w-hwrapper usg_hwrapper_1 align_none valign_middle wrap\" style=\"--hwrapper-gap:1.20rem\"><div class=\"w-post-elm post_image usg_post_image_1 has_width has_ratio\"><div style=\"padding-bottom:100%\"><\/div><a href=\"https:\/\/diaspocam.ru\/ru\/izbegajte-moshennichestva-pri-denezhnyx-perevodax\/\" aria-label=\"\u0418\u0437\u0431\u0435\u0433\u0430\u0439\u0442\u0435 \u043c\u043e\u0448\u0435\u043d\u043d\u0438\u0447\u0435\u0441\u0442\u0432\u0430 \u043f\u0440\u0438 \u0434\u0435\u043d\u0435\u0436\u043d\u044b\u0445 \u043f\u0435\u0440\u0435\u0432\u043e\u0434\u0430\u0445\"><img width=\"720\" height=\"369\" src=\"https:\/\/diaspocam.ru\/wp-content\/uploads\/2023\/01\/2-3.jpg\" class=\"attachment-full size-full wp-post-image\" alt=\"\" loading=\"lazy\" srcset=\"https:\/\/diaspocam.ru\/wp-content\/uploads\/2023\/01\/2-3.jpg 720w, https:\/\/diaspocam.ru\/wp-content\/uploads\/2023\/01\/2-3-300x154.jpg 300w\" sizes=\"(max-width: 720px) 100vw, 720px\" \/><\/a><\/div><div class=\"w-vwrapper usg_vwrapper_1 align_none valign_top\"><h2 class=\"w-post-elm post_title usg_post_title_1 entry-title color_link_inherit\"><a href=\"https:\/\/diaspocam.ru\/ru\/izbegajte-moshennichestva-pri-denezhnyx-perevodax\/\">\u0418\u0437\u0431\u0435\u0433\u0430\u0439\u0442\u0435 \u043c\u043e\u0448\u0435\u043d\u043d\u0438\u0447\u0435\u0441\u0442\u0432\u0430 \u043f\u0440\u0438 \u0434\u0435\u043d\u0435\u0436\u043d\u044b\u0445 \u043f\u0435\u0440\u0435\u0432\u043e\u0434\u0430\u0445<\/a><\/h2><div class=\"w-hwrapper usg_hwrapper_2 align_none valign_top wrap\" style=\"--hwrapper-gap:1.20rem\"><div class=\"w-post-elm post_content usg_post_content_1\">\u041a\u0410\u041a \u041d\u0415 \u0421\u0422\u0410\u0422\u042c \u0416\u0415\u0420\u0422\u0412\u041e\u0419 \u041e\u0411\u041c\u0410\u041d\u0410 \u041f\u0420\u0418 \u041f\u0415\u0420\u0415\u0412\u041e\u0414\u0415 \u0414\u0415\u041d\u0415\u0413 ? \u0417\u0434\u0440\u0430\u0432\u0441\u0442\u0432\u0443\u0439\u0442\u0435, \u0434\u043e\u0440\u043e\u0433\u0438\u0435 \u0431\u0440\u0430\u0442\u044c\u044f \u0438 \u0441\u0435\u0441\u0442\u0440\u044b, \u043e\u0447\u0435\u0432\u0438\u0434\u043d\u043e, \u0447\u0442\u043e \u043e\u0442\u043f\u0440\u0430\u0432\u043a\u0430 \u0438\u043b\u0438 \u043f\u043e\u043b\u0443\u0447\u0435\u043d\u0438\u0435 \u0434\u0435\u043d\u0435\u0433&hellip;<\/div><\/div><a class=\"w-btn us-btn-style_1 usg_btn_1\" href=\"https:\/\/diaspocam.ru\/ru\/izbegajte-moshennichestva-pri-denezhnyx-perevodax\/\"><span class=\"w-btn-label\">\u0427\u0438\u0442\u0430\u0442\u044c \u0434\u0430\u043b\u0435\u0435<\/span><\/a><\/div><\/div>\t\t<\/div>\r\n\t<\/article>\r\n\t<article class=\"w-grid-item us_animate_afb size_1x1 post-2601 post type-post status-publish format-standard has-post-thumbnail hentry category-blog\" data-id=\"2601\">\r\n\t\t<div class=\"w-grid-item-h\">\r\n\t\t\t\t\t\t<div class=\"w-hwrapper usg_hwrapper_1 align_none valign_middle wrap\" style=\"--hwrapper-gap:1.20rem\"><div class=\"w-post-elm post_image usg_post_image_1 has_width has_ratio\"><div style=\"padding-bottom:100%\"><\/div><a href=\"https:\/\/diaspocam.ru\/ru\/zachislenie-po-pasportu\/\" aria-label=\"Proc\u00e9dure d&#8217;enr\u00f4lement passeport\"><img width=\"720\" height=\"500\" src=\"https:\/\/diaspocam.ru\/wp-content\/uploads\/2023\/01\/1-3.jpg\" class=\"attachment-full size-full wp-post-image\" alt=\"\" loading=\"lazy\" srcset=\"https:\/\/diaspocam.ru\/wp-content\/uploads\/2023\/01\/1-3.jpg 720w, https:\/\/diaspocam.ru\/wp-content\/uploads\/2023\/01\/1-3-300x208.jpg 300w\" sizes=\"(max-width: 720px) 100vw, 720px\" \/><\/a><\/div><div class=\"w-vwrapper usg_vwrapper_1 align_none valign_top\"><h2 class=\"w-post-elm post_title usg_post_title_1 entry-title color_link_inherit\"><a href=\"https:\/\/diaspocam.ru\/ru\/zachislenie-po-pasportu\/\">Proc\u00e9dure d&#8217;enr\u00f4lement passeport<\/a><\/h2><div class=\"w-hwrapper usg_hwrapper_2 align_none valign_top wrap\" style=\"--hwrapper-gap:1.20rem\"><div class=\"w-post-elm post_content usg_post_content_1\">COMMUNIQUE \/OU NOTE D\u2019INFORMATION : Il est port\u00e9 \u00e0 la connaissance des compatriotes de la diaspora camerounaise ce qui suit&hellip;<\/div><\/div><a class=\"w-btn us-btn-style_1 usg_btn_1\" href=\"https:\/\/diaspocam.ru\/ru\/zachislenie-po-pasportu\/\"><span class=\"w-btn-label\">\u0427\u0438\u0442\u0430\u0442\u044c \u0434\u0430\u043b\u0435\u0435<\/span><\/a><\/div><\/div>\t\t<\/div>\r\n\t<\/article>\r\n<\/div><div class=\"w-grid-preloader\"><div class=\"g-preloader type_1\">\r\n\t<div><\/div>\r\n<\/div>\r\n<\/div>\t<div class=\"w-grid-json hidden\" onclick='return {&quot;action&quot;:&quot;us_ajax_grid&quot;,&quot;ajax_url&quot;:&quot;https:\\\/\\\/diaspocam.ru\\\/wp-admin\\\/admin-ajax.php&quot;,&quot;infinite_scroll&quot;:0,&quot;max_num_pages&quot;:1,&quot;pagination&quot;:&quot;regular&quot;,&quot;permalink_url&quot;:&quot;https:\\\/\\\/diaspocam.ru\\\/ru\\\/wp-json\\\/wp\\\/v2\\\/pages\\\/2516\\\/&quot;,&quot;template_vars&quot;:{&quot;columns&quot;:&quot;1&quot;,&quot;exclude_items&quot;:&quot;none&quot;,&quot;img_size&quot;:&quot;default&quot;,&quot;ignore_items_size&quot;:false,&quot;items_layout&quot;:&quot;606&quot;,&quot;items_offset&quot;:&quot;1&quot;,&quot;load_animation&quot;:&quot;afb&quot;,&quot;overriding_link&quot;:&quot;none&quot;,&quot;post_id&quot;:2516,&quot;query_args&quot;:{&quot;post_type&quot;:[&quot;post&quot;],&quot;tax_query&quot;:[{&quot;taxonomy&quot;:&quot;category&quot;,&quot;field&quot;:&quot;slug&quot;,&quot;terms&quot;:[&quot;blog&quot;]}],&quot;post_status&quot;:[&quot;publish&quot;,&quot;acf-disabled&quot;],&quot;posts_per_page&quot;:&quot;10&quot;},&quot;orderby_query_args&quot;:{&quot;orderby&quot;:{&quot;date&quot;:&quot;DESC&quot;}},&quot;type&quot;:&quot;grid&quot;,&quot;us_grid_ajax_index&quot;:1,&quot;us_grid_filter_params&quot;:null,&quot;us_grid_index&quot;:1,&quot;_us_grid_post_type&quot;:&quot;post&quot;,&quot;lang&quot;:&quot;ru&quot;}}'><\/div>\r\n\t<\/div><\/div><\/div><\/div><\/div><\/div><\/div><\/div><\/section>\n<\/section>","protected":false},"excerpt":{"rendered":"COMMUNIQUE \/OU NOTE D\u2019INFORMATION : Il est port\u00e9 \u00e0 la connaissance des compatriotes de la diaspora camerounaise ce qui suit : &nbsp; Pour all\u00e9ger la proc\u00e9dure d&#8217;obtention des passeports camerounais pour nos compatriotes, Diaspocam vous informe que dans un avenir proche, l\u2019ambassade du Cameroun en Russie pourra envoyer des missions dans les villes o\u00f9 les...","protected":false},"author":1,"featured_media":0,"parent":0,"menu_order":0,"comment_status":"closed","ping_status":"closed","template":"","meta":[],"acf":[],"_links":{"self":[{"href":"https:\/\/diaspocam.ru\/ru\/wp-json\/wp\/v2\/pages\/2516"}],"collection":[{"href":"https:\/\/diaspocam.ru\/ru\/wp-json\/wp\/v2\/pages"}],"about":[{"href":"https:\/\/diaspocam.ru\/ru\/wp-json\/wp\/v2\/types\/page"}],"author":[{"embeddable":true,"href":"https:\/\/diaspocam.ru\/ru\/wp-json\/wp\/v2\/users\/1"}],"replies":[{"embeddable":true,"href":"https:\/\/diaspocam.ru\/ru\/wp-json\/wp\/v2\/comments?post=2516"}],"version-history":[{"count":3,"href":"https:\/\/diaspocam.ru\/ru\/wp-json\/wp\/v2\/pages\/2516\/revisions"}],"predecessor-version":[{"id":2628,"href":"https:\/\/diaspocam.ru\/ru\/wp-json\/wp\/v2\/pages\/2516\/revisions\/2628"}],"wp:attachment":[{"href":"https:\/\/diaspocam.ru\/ru\/wp-json\/wp\/v2\/media?parent=2516"}],"curies":[{"name":"wp","href":"https:\/\/api.w.org\/{rel}","templated":true}]}}