{"id":218,"date":"2022-10-10T16:13:45","date_gmt":"2022-10-10T13:13:45","guid":{"rendered":"https:\/\/diaspocam.ru\/?page_id=218"},"modified":"2024-02-26T02:57:45","modified_gmt":"2024-02-25T23:57:45","slug":"biznes-v-rossii-2","status":"publish","type":"page","link":"https:\/\/diaspocam.ru\/ru\/biznes-v-rossii-2\/","title":{"rendered":"LE BUSINESS EN RUSSIE"},"content":{"rendered":"<section class=\"wpb-content-wrapper\"><section class=\"l-section wpb_row height_auto\"><div class=\"l-section-h i-cf\"><div class=\"g-cols vc_row via_grid cols_1 laptops-cols_inherit tablets-cols_inherit mobiles-cols_1 valign_top type_default stacking_default\"><div class=\"wpb_column vc_column_container\"><div class=\"vc_column-inner\"><div class=\"g-cols wpb_row via_grid cols_2 laptops-cols_inherit tablets-cols_inherit mobiles-cols_1 valign_top type_default stacking_default\"><div class=\"wpb_column vc_column_container\"><div class=\"vc_column-inner\"><div class=\"w-image align_center\"><div class=\"w-image-h\"><img width=\"1024\" height=\"683\" src=\"https:\/\/diaspocam.ru\/wp-content\/uploads\/2022\/12\/\u0411\u0438\u0437\u043d\u0435\u0441-\u0432-\u0420\u043e\u0441\u0441\u0438\u0438-1024x683.jpeg\" class=\"attachment-large size-large\" alt=\"\" loading=\"lazy\" srcset=\"https:\/\/diaspocam.ru\/wp-content\/uploads\/2022\/12\/\u0411\u0438\u0437\u043d\u0435\u0441-\u0432-\u0420\u043e\u0441\u0441\u0438\u0438-1024x683.jpeg 1024w, https:\/\/diaspocam.ru\/wp-content\/uploads\/2022\/12\/\u0411\u0438\u0437\u043d\u0435\u0441-\u0432-\u0420\u043e\u0441\u0441\u0438\u0438-300x200.jpeg 300w, https:\/\/diaspocam.ru\/wp-content\/uploads\/2022\/12\/\u0411\u0438\u0437\u043d\u0435\u0441-\u0432-\u0420\u043e\u0441\u0441\u0438\u0438.jpeg 1800w\" sizes=\"(max-width: 1024px) 100vw, 1024px\" \/><\/div><\/div><\/div><\/div><div class=\"wpb_column vc_column_container\"><div class=\"vc_column-inner\"><div class=\"wpb_text_column\"><div class=\"wpb_wrapper\"><p>Vous travaillez depuis longtemps sur le march\u00e9 russe et cherchez un entrepreneur qui fournit des services comptables et juridiques en sous-traitance \u00e0 des entreprises \u00e9trang\u00e8res? Ou allez-vous seulement ouvrir un bureau de repr\u00e9sentation\/succursale ou une filiale en Russie et choisissez un partenaire fiable qui fournit un ensemble de services pour les entreprises \u00e9trang\u00e8res?<\/p>\n<p>Nous osons esp\u00e9rer que nos connaissances, notre exp\u00e9rience et notre approche sont exactement ce dont vous avez besoin.<\/p>\n<\/div><\/div><\/div><\/div><\/div><div class=\"g-cols wpb_row via_grid cols_1 laptops-cols_inherit tablets-cols_inherit mobiles-cols_1 valign_top type_default stacking_default\"><div class=\"wpb_column vc_column_container\"><div class=\"vc_column-inner\"><div class=\"w-separator size_small\"><\/div><div class=\"wpb_text_column\"><div class=\"wpb_wrapper\"><p>Depuis plus de 15 ans, nous sommes engag\u00e9s dans le service de soci\u00e9t\u00e9s \u00e9trang\u00e8res en Russie et fournissons une large gamme de services pour les missions\/filiales et filiales \u00e9trang\u00e8res: services comptables complets, comptabilit\u00e9 salariale et des services de gestion du personnel, ainsi que des services juridiques et migratoires<\/p>\n<p>Nos clients nous appr\u00e9cient pour le fait que, tout d&#8217;abord, nous aidons \u00e0 adapter le travail de la soci\u00e9t\u00e9 \u00e9trang\u00e8re aux r\u00e9alit\u00e9s russes, organiser et d\u00e9boguer de nombreux processus d&#8217;affaires dans le cadre de divers aspects et accompagner la soci\u00e9t\u00e9 \u00e9trang\u00e8re en tant que partenaire fiable.<\/p>\n<\/div><\/div><div class=\"w-separator size_medium\"><\/div><h2 class=\"w-text\"><span class=\"w-text-h\"><span class=\"w-text-value\">Que proposons-nous?<\/span><\/span><\/h2><div class=\"w-separator size_small\"><\/div><\/div><\/div><\/div><div class=\"g-cols wpb_row via_grid cols_2 laptops-cols_inherit tablets-cols_inherit mobiles-cols_1 valign_top type_default reversed stacking_default\"><div class=\"wpb_column vc_column_container\"><div class=\"vc_column-inner\"><div class=\"wpb_text_column\"><div class=\"wpb_wrapper\"><p>Voici la liste des services de notre soci\u00e9t\u00e9 pour accompagner les entreprises \u00e9trang\u00e8res en Russie:<\/p>\n<p>Appelez et nos experts vous conseilleront et vous sugg\u00e9reront la bonne solution.<\/p>\n<ul>\n<li>Ouverture \/ fermeture d&#8217;entreprises<\/li>\n<li>Services comptables<\/li>\n<li>Accompagnement juridique des entreprises<\/li>\n<li>Consulting<\/li>\n<li>Services pour les employ\u00e9s \u00e9trangers<\/li>\n<li>R\u00e9ception, v\u00e9rification, traitement, stockage de documents et d&#8217;informations-<\/li>\n<li>Surveillance et v\u00e9rification des contreparties<\/li>\n<li>S\u00e9lection d&#8217;un partenaire d&#8217;affaires<\/li>\n<\/ul>\n<\/div><\/div><\/div><\/div><div class=\"wpb_column vc_column_container\"><div class=\"vc_column-inner\"><div class=\"w-image align_center\"><div class=\"w-image-h\"><img width=\"1024\" height=\"683\" src=\"https:\/\/diaspocam.ru\/wp-content\/uploads\/2022\/12\/\u043f\u043e\u0434\u0431\u043e\u0440-\u043f\u0430\u0440\u0442\u043d\u0435\u0440\u0430-1024x683.jpeg\" class=\"attachment-large size-large\" alt=\"\" loading=\"lazy\" srcset=\"https:\/\/diaspocam.ru\/wp-content\/uploads\/2022\/12\/\u043f\u043e\u0434\u0431\u043e\u0440-\u043f\u0430\u0440\u0442\u043d\u0435\u0440\u0430-1024x683.jpeg 1024w, https:\/\/diaspocam.ru\/wp-content\/uploads\/2022\/12\/\u043f\u043e\u0434\u0431\u043e\u0440-\u043f\u0430\u0440\u0442\u043d\u0435\u0440\u0430-300x200.jpeg 300w, https:\/\/diaspocam.ru\/wp-content\/uploads\/2022\/12\/\u043f\u043e\u0434\u0431\u043e\u0440-\u043f\u0430\u0440\u0442\u043d\u0435\u0440\u0430.jpeg 1500w\" sizes=\"(max-width: 1024px) 100vw, 1024px\" \/><\/div><\/div><\/div><\/div><\/div><div class=\"g-cols wpb_row via_grid cols_1 laptops-cols_inherit tablets-cols_inherit mobiles-cols_1 valign_top type_default stacking_default\"><div class=\"wpb_column vc_column_container\"><div class=\"vc_column-inner\"><div class=\"w-separator size_small\"><\/div><div class=\"w-btn-wrapper align_center\"><button class=\"w-btn us-btn-style_1 fforrma\"><span class=\"w-btn-label\">Envoyer une demande<\/span><\/button><\/div><\/div><\/div><\/div><\/div><\/div><\/div><\/div><\/section>\n<\/section>","protected":false},"excerpt":{"rendered":"Vous travaillez depuis longtemps sur le march\u00e9 russe et cherchez un entrepreneur qui fournit des services comptables et juridiques en sous-traitance \u00e0 des entreprises \u00e9trang\u00e8res? Ou allez-vous seulement ouvrir un bureau de repr\u00e9sentation\/succursale ou une filiale en Russie et choisissez un partenaire fiable qui fournit un ensemble de services pour les entreprises \u00e9trang\u00e8res? Nous osons...","protected":false},"author":1,"featured_media":0,"parent":0,"menu_order":0,"comment_status":"closed","ping_status":"closed","template":"","meta":[],"acf":[],"_links":{"self":[{"href":"https:\/\/diaspocam.ru\/ru\/wp-json\/wp\/v2\/pages\/218"}],"collection":[{"href":"https:\/\/diaspocam.ru\/ru\/wp-json\/wp\/v2\/pages"}],"about":[{"href":"https:\/\/diaspocam.ru\/ru\/wp-json\/wp\/v2\/types\/page"}],"author":[{"embeddable":true,"href":"https:\/\/diaspocam.ru\/ru\/wp-json\/wp\/v2\/users\/1"}],"replies":[{"embeddable":true,"href":"https:\/\/diaspocam.ru\/ru\/wp-json\/wp\/v2\/comments?post=218"}],"version-history":[{"count":8,"href":"https:\/\/diaspocam.ru\/ru\/wp-json\/wp\/v2\/pages\/218\/revisions"}],"predecessor-version":[{"id":4006,"href":"https:\/\/diaspocam.ru\/ru\/wp-json\/wp\/v2\/pages\/218\/revisions\/4006"}],"wp:attachment":[{"href":"https:\/\/diaspocam.ru\/ru\/wp-json\/wp\/v2\/media?parent=218"}],"curies":[{"name":"wp","href":"https:\/\/api.w.org\/{rel}","templated":true}]}}