{"id":216,"date":"2022-10-10T16:13:15","date_gmt":"2022-10-10T13:13:15","guid":{"rendered":"https:\/\/diaspocam.ru\/?page_id=216"},"modified":"2024-02-26T02:39:38","modified_gmt":"2024-02-25T23:39:38","slug":"biznes-v-kamerune-2","status":"publish","type":"page","link":"https:\/\/diaspocam.ru\/ru\/biznes-v-kamerune-2\/","title":{"rendered":"LE BUSINESS AU CAMEROUN"},"content":{"rendered":"<section class=\"wpb-content-wrapper\"><section class=\"l-section wpb_row height_auto\"><div class=\"l-section-h i-cf\"><div class=\"g-cols vc_row via_grid cols_1 laptops-cols_inherit tablets-cols_inherit mobiles-cols_1 valign_top type_default stacking_default\"><div class=\"wpb_column vc_column_container\"><div class=\"vc_column-inner\"><div class=\"g-cols wpb_row via_grid cols_1 laptops-cols_inherit tablets-cols_inherit mobiles-cols_1 valign_top type_default stacking_default\"><div class=\"wpb_column vc_column_container\"><div class=\"vc_column-inner\"><div class=\"w-image align_center\"><div class=\"w-image-h\"><img width=\"1024\" height=\"295\" src=\"https:\/\/diaspocam.ru\/wp-content\/uploads\/2022\/12\/cameroon-1024x295.jpeg\" class=\"attachment-large size-large\" alt=\"\" loading=\"lazy\" srcset=\"https:\/\/diaspocam.ru\/wp-content\/uploads\/2022\/12\/cameroon-1024x295.jpeg 1024w, https:\/\/diaspocam.ru\/wp-content\/uploads\/2022\/12\/cameroon-300x86.jpeg 300w, https:\/\/diaspocam.ru\/wp-content\/uploads\/2022\/12\/cameroon.jpeg 1100w\" sizes=\"(max-width: 1024px) 100vw, 1024px\" \/><\/div><\/div><div class=\"w-separator size_small\"><\/div><\/div><\/div><\/div><div class=\"g-cols wpb_row us_custom_4592fa32 via_grid cols_1 laptops-cols_inherit tablets-cols_inherit mobiles-cols_1 valign_top type_default stacking_default\"><div class=\"wpb_column vc_column_container\"><div class=\"vc_column-inner\"><div class=\"w-iconbox iconpos_left style_default color_custom align_none no_text\"><div class=\"w-iconbox-icon\" style=\"font-size:1.2rem;color:#4CBEC9;\"><i class=\"fas fa-chevron-right\"><\/i><\/div><div class=\"w-iconbox-meta\"><h4 class=\"w-iconbox-title\">Comment peut-on rapidement cr\u00e9er une entreprise?<\/h4><\/div><\/div><div class=\"wpb_text_column\"><div class=\"wpb_wrapper\"><p>Conform\u00e9ment aux proc\u00e9dures techniques telles que la r\u00e9daction du plan d&#8217;affaires et des documents demand\u00e9s, le gouvernement camerounais a mis en place un organisme de Promotion de la cr\u00e9ation d&#8217;entreprises connu sous le nom de \u00abCentre des formations formelles (CFCE)\u00bb qui offre la possibilit\u00e9 de cr\u00e9er une entreprise en 3 jours, y compris avec un capital inf\u00e9rieur \u00e0 1 000 000 CFA. Pour un montant sup\u00e9rieur \u00e0 1 000 000 CFA, il est n\u00e9cessaire de contacter un notaire.<\/p>\n<\/div><\/div><\/div><\/div><\/div><div class=\"g-cols wpb_row us_custom_4592fa32 via_grid cols_1 laptops-cols_inherit tablets-cols_inherit mobiles-cols_1 valign_top type_default stacking_default\"><div class=\"wpb_column vc_column_container\"><div class=\"vc_column-inner\"><div class=\"w-iconbox iconpos_left style_default color_custom align_none no_text\"><div class=\"w-iconbox-icon\" style=\"font-size:1.2rem;color:#4CBEC9;\"><i class=\"fas fa-chevron-right\"><\/i><\/div><div class=\"w-iconbox-meta\"><h4 class=\"w-iconbox-title\">Quel investissement minimum est n\u00e9cessaire?<\/h4><\/div><\/div><div class=\"wpb_text_column\"><div class=\"wpb_wrapper\"><p>La Charte d&#8217;investissement 2020 r\u00e9git les investissements \u00e9trangers au Cameroun.<\/p>\n<p>Le centre de Formalit\u00e9s de cr\u00e9ation d&#8217;Entreprise (CFCE), cr\u00e9\u00e9 par l&#8217;Agence de Promotion des Investissements (CIPA), agit comme un guichet unique pour les services de cr\u00e9ation d&#8217;entreprise.<\/p>\n<p>Toutes les entreprises doivent s&#8217;inscrire au CFCE, ind\u00e9pendamment de la taille de l&#8217;entreprise et de la nationalit\u00e9 de ses sponsors.<\/p>\n<p>Apr\u00e8s l&#8217;enregistrement de la soci\u00e9t\u00e9 dans le CFCE, elle sera enregistr\u00e9e au registre du commerce et de la mobilit\u00e9 du Cr\u00e9dit, ainsi qu&#8217;\u00e0 l&#8217;administration fiscale (Direction g\u00e9n\u00e9rale des Imp\u00f4ts \u2014 DGI).<\/p>\n<\/div><\/div><\/div><\/div><\/div><div class=\"g-cols wpb_row us_custom_4592fa32 via_grid cols_1 laptops-cols_inherit tablets-cols_inherit mobiles-cols_1 valign_top type_default stacking_default\"><div class=\"wpb_column vc_column_container\"><div class=\"vc_column-inner\"><div class=\"w-iconbox iconpos_left style_default color_custom align_none no_text\"><div class=\"w-iconbox-icon\" style=\"font-size:1.2rem;color:#4CBEC9;\"><i class=\"fas fa-chevron-right\"><\/i><\/div><div class=\"w-iconbox-meta\"><h4 class=\"w-iconbox-title\">Comment puis-je obtenir un financement?<\/h4><\/div><\/div><div class=\"wpb_text_column\"><div class=\"wpb_wrapper\"><p>Les Finances peuvent \u00eatre obtenues gr\u00e2ce \u00e0 des \u00e9conomies personnelles, des pr\u00eats ou des pr\u00eats bancaires. La source de financement la plus populaire est les pr\u00eats bancaires en raison de la disponibilit\u00e9 de ces banques, de leur coop\u00e9ration et de la concurrence qui existe dans ce secteur.<\/p>\n<\/div><\/div><\/div><\/div><\/div><div class=\"g-cols wpb_row us_custom_4592fa32 via_grid cols_1 laptops-cols_inherit tablets-cols_inherit mobiles-cols_1 valign_top type_default stacking_default\"><div class=\"wpb_column vc_column_container\"><div class=\"vc_column-inner\"><div class=\"w-iconbox iconpos_left style_default color_custom align_none no_text\"><div class=\"w-iconbox-icon\" style=\"font-size:1.2rem;color:#4CBEC9;\"><i class=\"fas fa-chevron-right\"><\/i><\/div><div class=\"w-iconbox-meta\"><h4 class=\"w-iconbox-title\">Quelles sont les exigences l\u00e9gales pour ouvrir mon entreprise?<\/h4><\/div><\/div><\/div><\/div><\/div><div class=\"w-hwrapper align_none valign_middle wrap\"><div class=\"w-vwrapper us_custom_1ff3ab74 align_none valign_top\"><div class=\"w-image align_center\"><div class=\"w-image-h\"><img width=\"600\" height=\"400\" src=\"https:\/\/diaspocam.ru\/wp-content\/uploads\/2022\/12\/company-cameroon.jpeg\" class=\"attachment-large size-large\" alt=\"\" loading=\"lazy\" srcset=\"https:\/\/diaspocam.ru\/wp-content\/uploads\/2022\/12\/company-cameroon.jpeg 600w, https:\/\/diaspocam.ru\/wp-content\/uploads\/2022\/12\/company-cameroon-300x200.jpeg 300w\" sizes=\"(max-width: 600px) 100vw, 600px\" \/><\/div><\/div><div class=\"w-separator size_small\"><\/div><\/div><div class=\"w-vwrapper us_custom_5448feb7 align_none valign_top\"><div class=\"wpb_text_column\"><div class=\"wpb_wrapper\"><p>Il y a plusieurs fa\u00e7ons de faire des affaires au Cameroun. Le plus commun est la cr\u00e9ation d&#8217;une soci\u00e9t\u00e9 \u00e0 responsabilit\u00e9 limit\u00e9e (SARL). Les investisseurs peuvent \u00e9galement cr\u00e9er une soci\u00e9t\u00e9 \u00e0 responsabilit\u00e9 limit\u00e9e (SA) publique. Alternativement, les entreprises \u00e9trang\u00e8res peuvent ouvrir une succursale ou un bureau de repr\u00e9sentation.<\/p>\n<\/div><\/div><\/div><\/div><div class=\"g-cols wpb_row us_custom_4592fa32 via_grid cols_1 laptops-cols_inherit tablets-cols_inherit mobiles-cols_1 valign_top type_default stacking_default\"><div class=\"wpb_column vc_column_container\"><div class=\"vc_column-inner\"><div class=\"w-iconbox iconpos_left style_default color_custom align_none no_text\"><div class=\"w-iconbox-icon\" style=\"font-size:1.2rem;color:#4CBEC9;\"><i class=\"fas fa-chevron-right\"><\/i><\/div><div class=\"w-iconbox-meta\"><h4 class=\"w-iconbox-title\">Quelle structure devrais-je envisager?<\/h4><\/div><\/div><div class=\"wpb_text_column\"><div class=\"wpb_wrapper\"><p>Les formes d&#8217;affaires disponibles au Cameroun sont principalement les suivantes, pr\u00e9vues par la loi uniforme OHADA sur les soci\u00e9t\u00e9s commerciales et les groupes d&#8217;int\u00e9r\u00eats \u00e9conomiques:<\/p>\n<p><strong>Soci\u00e9t\u00e9 \u00e0 responsabilit\u00e9 limit\u00e9e camerounaise (SARL):<\/strong><\/p>\n<p>SARL est l&#8217;entit\u00e9 juridique la plus utilis\u00e9e par les entrepreneurs pour cr\u00e9er des petites et moyennes entreprises au Cameroun. La SARL doit nommer au moins un directeur r\u00e9sident et un actionnaire de toute nationalit\u00e9. Un actionnaire peut \u00eatre une personne physique ou morale. La part minimale de 100 000 Francs CFA sera divis\u00e9e en parts \u00e9gales dont la valeur nominale ne peut \u00eatre inf\u00e9rieure \u00e0 5 000 Francs CFA.<\/p>\n<p><strong>Soci\u00e9t\u00e9 anonyme publique camerounaise (SA):<\/strong><\/p>\n<p>Une part salariale minimale de 10 millions de Francs CFA est n\u00e9cessaire pour finaliser la cr\u00e9ation de l&#8217;entreprise au Cameroun. Cependant, un capital social plus \u00e9lev\u00e9 de 10 millions de Francs CFA sera n\u00e9cessaire par la suite si l&#8217;entreprise a l&#8217;intention d&#8217;\u00eatre publique.<\/p>\n<p><strong>Soci\u00e9t\u00e9 par Action Simplifi\u00e9e SAS:<\/strong><\/p>\n<p>Il n&#8217;y a pas de part minimale requise, mais dans la pratique, elle est de 10 millions de Francs CFA.<\/p>\n<p><strong>Branche camerounaise (Succursale):<\/strong><\/p>\n<p>Les entreprises \u00e9trang\u00e8res peuvent ouvrir des succursales de leurs entit\u00e9s juridiques \u00e9trang\u00e8res au Cameroun.<\/p>\n<p><strong>Repr\u00e9sentation au Cameroun (Bureau de liaison):<\/strong><\/p>\n<p>Bien que 100% de la propri\u00e9t\u00e9 \u00e9trang\u00e8re de la repr\u00e9sentation soit autoris\u00e9e, elle n&#8217;est pas consid\u00e9r\u00e9e comme une personne morale et n&#8217;a pas le droit d&#8217;effectuer des ventes directes au Cameroun.<\/p>\n<\/div><\/div><\/div><\/div><\/div><div class=\"g-cols wpb_row us_custom_4592fa32 via_grid cols_1 laptops-cols_inherit tablets-cols_inherit mobiles-cols_1 valign_top type_default stacking_default\"><div class=\"wpb_column vc_column_container\"><div class=\"vc_column-inner\"><div class=\"w-iconbox iconpos_left style_default color_custom align_none no_text\"><div class=\"w-iconbox-icon\" style=\"font-size:1.2rem;color:#4CBEC9;\"><i class=\"fas fa-chevron-right\"><\/i><\/div><div class=\"w-iconbox-meta\"><h4 class=\"w-iconbox-title\">Que pouvez-vous me conseiller sur les exigences salariales et fiscales?<\/h4><\/div><\/div><div class=\"wpb_text_column\"><div class=\"wpb_wrapper\"><p>Le syst\u00e8me fiscal, conform\u00e9ment \u00e0 la l\u00e9gislation ordinaire des soci\u00e9t\u00e9s \u00e9tablies en R\u00e9publique du Cameroun, est codifi\u00e9 dans le code g\u00e9n\u00e9ral des imp\u00f4ts et s&#8217;applique aussi bien aux soci\u00e9t\u00e9s r\u00e9sidentes qu&#8217;aux soci\u00e9t\u00e9s non r\u00e9sidentes. Cette taxe est pr\u00e9lev\u00e9e sur les Cat\u00e9gories de revenus comme suit:<\/p>\n<\/div><\/div><div class=\"w-separator size_small\"><\/div><div class=\"w-hwrapper align_none valign_middle wrap\"><div class=\"w-vwrapper us_custom_1ff3ab74 align_none valign_top\"><div class=\"w-image align_center\"><div class=\"w-image-h\"><img width=\"1024\" height=\"640\" src=\"https:\/\/diaspocam.ru\/wp-content\/uploads\/2022\/12\/\u0411\u0438\u0437\u043d\u0435\u0441-\u0432-\u041a\u0430\u043c\u0435\u0440\u0443\u043d\u0435-1024x640.jpeg\" class=\"attachment-large size-large\" alt=\"\" loading=\"lazy\" srcset=\"https:\/\/diaspocam.ru\/wp-content\/uploads\/2022\/12\/\u0411\u0438\u0437\u043d\u0435\u0441-\u0432-\u041a\u0430\u043c\u0435\u0440\u0443\u043d\u0435-1024x640.jpeg 1024w, https:\/\/diaspocam.ru\/wp-content\/uploads\/2022\/12\/\u0411\u0438\u0437\u043d\u0435\u0441-\u0432-\u041a\u0430\u043c\u0435\u0440\u0443\u043d\u0435-300x188.jpeg 300w, https:\/\/diaspocam.ru\/wp-content\/uploads\/2022\/12\/\u0411\u0438\u0437\u043d\u0435\u0441-\u0432-\u041a\u0430\u043c\u0435\u0440\u0443\u043d\u0435.jpeg 1920w\" sizes=\"(max-width: 1024px) 100vw, 1024px\" \/><\/div><\/div><div class=\"w-separator size_small\"><\/div><\/div><div class=\"w-vwrapper us_custom_5448feb7 align_none valign_top\"><div class=\"wpb_text_column\"><div class=\"wpb_wrapper\"><ul>\n<li>B\u00e9n\u00e9fices ou revenus des entreprises et autres entit\u00e9s juridiques.<\/li>\n<li>Salaires, pensions et rentes viag\u00e8res.<\/li>\n<li>Les revenus des actions et des parts.<\/li>\n<li>Revenu immobilier.<\/li>\n<li>Les b\u00e9n\u00e9fices tir\u00e9s des activit\u00e9s artisanales, industrielles et commerciales.<\/li>\n<li>Les b\u00e9n\u00e9fices des entreprises agricoles.<\/li>\n<li>Et les b\u00e9n\u00e9fices d&#8217;une profession \u00e0 but non lucratif et apparent\u00e9e.<\/li>\n<\/ul>\n<\/div><\/div><\/div><\/div><div class=\"wpb_text_column\"><div class=\"wpb_wrapper\"><p>Le taux standard d&#8217;imp\u00f4t sur le revenu des soci\u00e9t\u00e9s est de 30%. Une taxe municipale suppl\u00e9mentaire de 10% est appliqu\u00e9e, ce qui porte le montant total de la taxe \u00e0 33%.<\/p>\n<p>L&#8217;imp\u00f4t mensuel minimum appliqu\u00e9 au chiffre d&#8217;affaires est g\u00e9n\u00e9ralement de 2.2%, 3.3% ou 5.5% du chiffre d&#8217;affaires, en fonction du traitement fiscal auquel la soci\u00e9t\u00e9 s&#8217;applique.<\/p>\n<p>L&#8217;imp\u00f4t minimum est imput\u00e9 sur l&#8217;imp\u00f4t sur les soci\u00e9t\u00e9s \u00e0 payer pour l&#8217;exercice en cours. En cas de perte, les montants mensuels pay\u00e9s au cours de l&#8217;ann\u00e9e sont consid\u00e9r\u00e9s comme l&#8217;imp\u00f4t minimum sur les soci\u00e9t\u00e9s.<\/p>\n<p>La taxe sur la valeur ajout\u00e9e (TVA) au Cameroun est factur\u00e9e au taux standard de 19.25%. Les soci\u00e9t\u00e9s ayant un chiffre d&#8217;affaires annuel imposable doivent produire des d\u00e9clarations de TVA avant le 15 de chaque mois.<\/p>\n<p>L&#8217;imp\u00f4t sur le revenu de 16.5% s&#8217;applique aux dividendes vers\u00e9s aux soci\u00e9t\u00e9s r\u00e9sidentes et non r\u00e9sidentes. Il peut \u00eatre r\u00e9duit si une Convention de double imposition est applicable.<\/p>\n<p>L&#8217;imp\u00f4t sur le revenu de 15% s&#8217;applique aux redevances vers\u00e9es aux soci\u00e9t\u00e9s non r\u00e9sidentes. Cependant, le taux peut \u00eatre r\u00e9duit si une Convention de double imposition est appliqu\u00e9e.<\/p>\n<p>La taxe sur le capital est factur\u00e9e en fonction du capital social de la soci\u00e9t\u00e9 \u00e0 un taux r\u00e9gressif de 2% et 0.25%.<\/p>\n<p><strong>Revenu imposable:<\/strong><\/p>\n<p>* Les revenus provenant des salaires, des indemnit\u00e9s, des indemnit\u00e9s, des pensions et des rentes viag\u00e8res; o\u00f9 l&#8217;activit\u00e9 r\u00e9mun\u00e9r\u00e9e est exerc\u00e9e au Cameroun.<\/p>\n<p><strong>Cadre d&#8217;\u00e9valuation:<\/strong><\/p>\n<ul>\n<li>La base de l&#8217;\u00e9valuation est le montant total des salaires, des indemnit\u00e9s, des r\u00e9mun\u00e9rations, des salaires, des pensions et des rentes viag\u00e8res, ainsi que des prestations en nature ou en esp\u00e8ces accord\u00e9es aux personnes concern\u00e9es.<\/li>\n<\/ul>\n<\/div><\/div><\/div><\/div><\/div><div class=\"g-cols wpb_row us_custom_dc79f409 via_grid cols_1 laptops-cols_inherit tablets-cols_inherit mobiles-cols_1 valign_top type_default stacking_default\"><div class=\"wpb_column vc_column_container\"><div class=\"vc_column-inner\"><div class=\"w-iconbox iconpos_left style_default color_custom align_none no_text\"><div class=\"w-iconbox-icon\" style=\"font-size:1.2rem;color:#4CBEC9;\"><i class=\"fas fa-chevron-right\"><\/i><\/div><div class=\"w-iconbox-meta\"><h4 class=\"w-iconbox-title\">Que dois-je savoir d&#8217;autre?<\/h4><\/div><\/div><div class=\"wpb_text_column\"><div class=\"wpb_wrapper\"><p>Introduit AD valorem et accise sp\u00e9cifique sur les produits. En r\u00e8gle g\u00e9n\u00e9rale, les droits d&#8217;accise s&#8217;appliquent aux produits suivants: vins de raisins frais, cigares et cigarettes, Cosm\u00e9tiques, bi\u00e8res, op\u00e9rations t\u00e9l\u00e9phoniques et Internet.<\/p>\n<p>Les r\u00e8gles applicables \u00e0 la TVA concernant les personnes responsables, les transactions imposables, l&#8217;exon\u00e9ration de responsabilit\u00e9 et la territorialit\u00e9 s&#8217;appliquent \u00e9galement \u00e0 la taxe d&#8217;accise.<\/p>\n<\/div><\/div><\/div><\/div><\/div><div class=\"g-cols wpb_row via_grid cols_1 laptops-cols_inherit tablets-cols_inherit mobiles-cols_1 valign_top type_default stacking_default\"><div class=\"wpb_column vc_column_container\"><div class=\"vc_column-inner\"><div class=\"w-separator size_small\"><\/div><div class=\"w-image align_center\"><div class=\"w-image-h\"><img width=\"508\" height=\"339\" src=\"https:\/\/diaspocam.ru\/wp-content\/uploads\/2022\/12\/business-meeting-men-cameroon.jpeg\" class=\"attachment-large size-large\" alt=\"\" loading=\"lazy\" srcset=\"https:\/\/diaspocam.ru\/wp-content\/uploads\/2022\/12\/business-meeting-men-cameroon.jpeg 508w, https:\/\/diaspocam.ru\/wp-content\/uploads\/2022\/12\/business-meeting-men-cameroon-300x200.jpeg 300w\" sizes=\"(max-width: 508px) 100vw, 508px\" \/><\/div><\/div><div class=\"w-separator size_small\"><\/div><div class=\"wpb_text_column\"><div class=\"wpb_wrapper\"><p>Louis Gouend est le Pr\u00e9sident de la Diaspora camerounaise en Russie et le cerveau id\u00e9ologique de l&#8217;initiative d&#8217;affaires Russo-Camerounaise, qui repr\u00e9sente les int\u00e9r\u00eats des entreprises Camerounaises en Russie et soutient les entreprises russes dans leurs relations et dans leur coop\u00e9ration avec les entreprises Camerounaises \u2013 \u00e0 la fois en Russie et au Cameroun.<\/p>\n<p>Nous offrons des services de conseil aux petites, moyennes et entreprises mondiales, qui souhaitent investir sur le continent africain.<\/p>\n<p>Louis Gouend vit et travaille plus de 29 ans dans la capitale de la Russie \u2013 Moscou. Cependant, il reste en contact permanent avec les \u00c9tats du continent africain. Il est un &#187; messager de l&#8217;amiti\u00e9\u00bb pour les repr\u00e9sentants de nombreux gouvernements et organisations de coop\u00e9ration internationale.<\/p>\n<p>Si vous \u00eates int\u00e9ress\u00e9 \u00e0 d\u00e9marrer une entreprise en Afrique, notre diaspora est pr\u00eate \u00e0 \u00eatre\u00a0 votre guide. \u00c9crivez-nous: <strong><a href=\"mailto:info@diaspocam.ru\">info@diaspocam.ru<\/a><\/strong><\/p>\n<\/div><\/div><\/div><\/div><\/div><\/div><\/div><\/div><\/div><\/section>\n<\/section>","protected":false},"excerpt":{"rendered":"Comment peut-on rapidement cr\u00e9er une entreprise?Conform\u00e9ment aux proc\u00e9dures techniques telles que la r\u00e9daction du plan d&#8217;affaires et des documents demand\u00e9s, le gouvernement camerounais a mis en place un organisme de Promotion de la cr\u00e9ation d&#8217;entreprises connu sous le nom de \u00abCentre des formations formelles (CFCE)\u00bb qui offre la possibilit\u00e9 de cr\u00e9er une entreprise en 3...","protected":false},"author":1,"featured_media":0,"parent":0,"menu_order":0,"comment_status":"closed","ping_status":"closed","template":"","meta":[],"acf":[],"_links":{"self":[{"href":"https:\/\/diaspocam.ru\/ru\/wp-json\/wp\/v2\/pages\/216"}],"collection":[{"href":"https:\/\/diaspocam.ru\/ru\/wp-json\/wp\/v2\/pages"}],"about":[{"href":"https:\/\/diaspocam.ru\/ru\/wp-json\/wp\/v2\/types\/page"}],"author":[{"embeddable":true,"href":"https:\/\/diaspocam.ru\/ru\/wp-json\/wp\/v2\/users\/1"}],"replies":[{"embeddable":true,"href":"https:\/\/diaspocam.ru\/ru\/wp-json\/wp\/v2\/comments?post=216"}],"version-history":[{"count":19,"href":"https:\/\/diaspocam.ru\/ru\/wp-json\/wp\/v2\/pages\/216\/revisions"}],"predecessor-version":[{"id":4005,"href":"https:\/\/diaspocam.ru\/ru\/wp-json\/wp\/v2\/pages\/216\/revisions\/4005"}],"wp:attachment":[{"href":"https:\/\/diaspocam.ru\/ru\/wp-json\/wp\/v2\/media?parent=216"}],"curies":[{"name":"wp","href":"https:\/\/api.w.org\/{rel}","templated":true}]}}