{"id":194,"date":"2022-10-10T16:06:03","date_gmt":"2022-10-10T13:06:03","guid":{"rendered":"https:\/\/diaspocam.ru\/?page_id=194"},"modified":"2024-02-26T02:13:19","modified_gmt":"2024-02-25T23:13:19","slug":"administraciya-prezidenta-2","status":"publish","type":"page","link":"https:\/\/diaspocam.ru\/ru\/administraciya-prezidenta-2\/","title":{"rendered":"Administration du Cabinet du Pr\u00e9sident"},"content":{"rendered":"<section class=\"wpb-content-wrapper\"><section class=\"l-section wpb_row height_auto\"><div class=\"l-section-h i-cf\"><div class=\"g-cols vc_row via_grid cols_1 laptops-cols_inherit tablets-cols_inherit mobiles-cols_1 valign_top type_default stacking_default\"><div class=\"wpb_column vc_column_container\"><div class=\"vc_column-inner\"><div class=\"g-cols wpb_row via_grid cols_1 laptops-cols_inherit tablets-cols_inherit mobiles-cols_1 valign_top type_default stacking_default\"><div class=\"wpb_column vc_column_container\"><div class=\"vc_column-inner\"><div class=\"wpb_text_column\"><div class=\"wpb_wrapper\"><p>L&#8217;administration du pr\u00e9sident de la diaspora est un groupe de conseillers au service du pr\u00e9sident pour l&#8217;aider \u00e0 prendre des d\u00e9cisions.<\/p>\n<p>Sa composition est laiss\u00e9e \u00e0 la discr\u00e9tion du pr\u00e9sident. L&#8217;administration Pr\u00e9sidentielle est l&#8217;organe sur lequel le Pr\u00e9sident s&#8217;appuie pour obtenir des informations sur l&#8217;\u00e9tat d&#8217;avancement des affaires relevant du conseil ex\u00e9cutif.<\/p>\n<p>Les employ\u00e9s du cabinet du pr\u00e9sident sont sp\u00e9cialis\u00e9s dans des domaines tr\u00e8s sp\u00e9cifiques (\u00e9conomie, charit\u00e9, l\u00e9gislation, culture, M\u00e9decine, Sant\u00e9, sport, etc.) et sont responsables, \u00e0 la fois de conseiller le pr\u00e9sident dans ce domaine et de superviser les activit\u00e9s du conseil ex\u00e9cutif afin de v\u00e9rifier la coh\u00e9rence entre les axes d\u00e9finis par la Charte et leur mise en \u0153uvre concr\u00e8te dans le travail administratif.<\/p>\n<p>Les collaborateurs du pr\u00e9sident lui adressent une d\u00e9claration mensuelle sur la situation et l&#8217;\u00e9tat des affaires int\u00e9rieures de la diaspora.<\/p>\n<\/div><\/div><div class=\"w-separator size_small\"><\/div><\/div><\/div><\/div><div class=\"g-cols wpb_row via_grid cols_1 laptops-cols_inherit tablets-cols_inherit mobiles-cols_1 valign_top type_default stacking_default\"><div class=\"wpb_column vc_column_container\"><div class=\"vc_column-inner\"><div class=\"w-image align_center\"><div class=\"w-image-h\"><img width=\"1024\" height=\"667\" src=\"https:\/\/diaspocam.ru\/wp-content\/uploads\/2022\/12\/\u0410\u0434\u043c\u0438\u043d\u0438\u0441\u0442\u0440\u0430\u0446\u0438\u044f-\u041f\u0440\u0435\u0437\u0438\u0434\u0435\u043d\u0442\u0430_-1024x667.jpeg\" class=\"attachment-large size-large\" alt=\"\" loading=\"lazy\" srcset=\"https:\/\/diaspocam.ru\/wp-content\/uploads\/2022\/12\/\u0410\u0434\u043c\u0438\u043d\u0438\u0441\u0442\u0440\u0430\u0446\u0438\u044f-\u041f\u0440\u0435\u0437\u0438\u0434\u0435\u043d\u0442\u0430_-1024x667.jpeg 1024w, https:\/\/diaspocam.ru\/wp-content\/uploads\/2022\/12\/\u0410\u0434\u043c\u0438\u043d\u0438\u0441\u0442\u0440\u0430\u0446\u0438\u044f-\u041f\u0440\u0435\u0437\u0438\u0434\u0435\u043d\u0442\u0430_-300x196.jpeg 300w, https:\/\/diaspocam.ru\/wp-content\/uploads\/2022\/12\/\u0410\u0434\u043c\u0438\u043d\u0438\u0441\u0442\u0440\u0430\u0446\u0438\u044f-\u041f\u0440\u0435\u0437\u0438\u0434\u0435\u043d\u0442\u0430_.jpeg 1100w\" sizes=\"(max-width: 1024px) 100vw, 1024px\" \/><\/div><\/div><\/div><\/div><\/div><div class=\"g-cols wpb_row via_grid cols_1 laptops-cols_inherit tablets-cols_inherit mobiles-cols_1 valign_top type_default stacking_default\"><div class=\"wpb_column vc_column_container\"><div class=\"vc_column-inner\"><div class=\"w-separator size_small\"><\/div><div class=\"wpb_text_column\"><div class=\"wpb_wrapper\"><p><strong>L&#8217;administration du pr\u00e9sident de la diaspora a les t\u00e2ches suivantes:<\/strong><\/p>\n<ul>\n<li>\u00a0pr\u00e9parer l&#8217;ex\u00e9cution des d\u00e9cisions du Pr\u00e9sident sur toutes les questions;<\/li>\n<li>conseiller le Pr\u00e9sident sur les d\u00e9cisions \u00e0 prendre dans les domaines de comp\u00e9tence pertinents de la fonction Pr\u00e9sidentielle, en l&#8217;informant de leurs cons\u00e9quences dans la vie de la soci\u00e9t\u00e9;<\/li>\n<li>coordonner les d\u00e9cisions du pr\u00e9sident avec les actions du conseil ex\u00e9cutif;<\/li>\n<li>pr\u00e9senter au conseil ex\u00e9cutif les orientations du Pr\u00e9sident sur le d\u00e9veloppement de l&#8217;Association;<\/li>\n<li>superviser l&#8217;ex\u00e9cution des d\u00e9cisions prises par le Pr\u00e9sident;<\/li>\n<li>suivre les activit\u00e9s du conseil ex\u00e9cutif et donner des avis;<\/li>\n<li>fournir r\u00e9guli\u00e8rement au Pr\u00e9sident des informations succinctes sur l&#8217;actualit\u00e9 au Cameroun et dans la F\u00e9d\u00e9ration de Russie;<\/li>\n<li>pr\u00e9parer \u00e0 la fin de chaque s\u00e9ance une d\u00e9claration de d\u00e9cision et un compte rendu complet des d\u00e9bats;<\/li>\n<li>prendre de mani\u00e8re ind\u00e9pendante certaines d\u00e9cisions qu&#8217;il juge appropri\u00e9es \u00e0 la politique du Pr\u00e9sident, mais qui ne m\u00e9ritent pas d&#8217;\u00eatre port\u00e9es \u00e0 son attention.<\/li>\n<\/ul>\n<p>L&#8217;administration du Pr\u00e9sident rel\u00e8ve du Directeur de cabinet d\u00e9sign\u00e9 par d\u00e9cret Pr\u00e9sidentiel.<\/p>\n<p>Le directeur de cabinet aide le Pr\u00e9sident dans ses pr\u00e9rogatives et assure l&#8217;organisation, la coordination et le contr\u00f4le du cabinet du Pr\u00e9sident. Il participe \u00e0 toutes les r\u00e9unions et g\u00e8re les ressources du cabinet du Pr\u00e9sident.<\/p>\n<\/div><\/div><\/div><\/div><\/div><\/div><\/div><\/div><\/div><\/section><section class=\"l-section wpb_row height_small\"><div class=\"l-section-h i-cf\"><div class=\"g-cols vc_row via_grid cols_1 laptops-cols_inherit tablets-cols_inherit mobiles-cols_1 valign_top type_default stacking_default\"><div class=\"wpb_column vc_column_container\"><div class=\"vc_column-inner\"><div class=\"wpb_text_column\"><div class=\"wpb_wrapper\"><p><strong>Liste des personnes occupant des postes dans l&#8217;Administration Pr\u00e9sidentielle :<\/strong><\/p>\n<\/div><\/div><div class=\"w-separator size_small\"><\/div><div class=\"g-cols wpb_row us_custom_4fb9e5a3 via_grid cols_2-3 laptops-cols_inherit tablets-cols_inherit mobiles-cols_1 valign_middle type_default stacking_default\"><div class=\"wpb_column vc_column_container\"><div class=\"vc_column-inner\"><div class=\"wpb_text_column\"><div class=\"wpb_wrapper\"><p>Directeur du Cabinet Pr\u00e9sidentiel<\/p>\n<\/div><\/div><\/div><\/div><div class=\"wpb_column vc_column_container\"><div class=\"vc_column-inner\"><div class=\"wpb_text_column\"><div class=\"wpb_wrapper\"><p>Bayiha Fran\u00e7ois Thierry Aristide<\/p>\n<\/div><\/div><\/div><\/div><\/div><div class=\"g-cols wpb_row us_custom_9a24c93d via_grid cols_2-3 laptops-cols_inherit tablets-cols_inherit mobiles-cols_1 valign_middle type_default stacking_default\"><div class=\"wpb_column vc_column_container\"><div class=\"vc_column-inner\"><div class=\"wpb_text_column\"><div class=\"wpb_wrapper\"><p>Secr\u00e9taire<\/p>\n<\/div><\/div><\/div><\/div><div class=\"wpb_column vc_column_container\"><div class=\"vc_column-inner\"><div class=\"wpb_text_column\"><div class=\"wpb_wrapper\"><p>Tendou Nanga Charlotte Laurence<\/p>\n<\/div><\/div><\/div><\/div><\/div><div class=\"g-cols wpb_row us_custom_4fb9e5a3 via_grid cols_2-3 laptops-cols_inherit tablets-cols_inherit mobiles-cols_1 valign_middle type_default stacking_default\"><div class=\"wpb_column vc_column_container\"><div class=\"vc_column-inner\"><div class=\"wpb_text_column\"><div class=\"wpb_wrapper\"><p>Tr\u00e9sorier<\/p>\n<\/div><\/div><\/div><\/div><div class=\"wpb_column vc_column_container\"><div class=\"vc_column-inner\"><div class=\"wpb_text_column\"><div class=\"wpb_wrapper\"><p>Yakam Firmin Giresse<\/p>\n<\/div><\/div><\/div><\/div><\/div><div class=\"g-cols wpb_row us_custom_9a24c93d via_grid cols_2-3 laptops-cols_inherit tablets-cols_inherit mobiles-cols_1 valign_middle type_default stacking_default\"><div class=\"wpb_column vc_column_container\"><div class=\"vc_column-inner\"><div class=\"wpb_text_column\"><div class=\"wpb_wrapper\"><p>Assistante Administrative<\/p>\n<\/div><\/div><\/div><\/div><div class=\"wpb_column vc_column_container\"><div class=\"vc_column-inner\"><div class=\"wpb_text_column\"><div class=\"wpb_wrapper\"><p>Mefoko \u00c9lise Azar<\/p>\n<\/div><\/div><\/div><\/div><\/div><div class=\"g-cols wpb_row us_custom_4fb9e5a3 via_grid cols_2-3 laptops-cols_inherit tablets-cols_inherit mobiles-cols_1 valign_middle type_default stacking_default\"><div class=\"wpb_column vc_column_container\"><div class=\"vc_column-inner\"><div class=\"wpb_text_column\"><div class=\"wpb_wrapper\"><p>Directrice du Bureau d\u2019accueil<\/p>\n<\/div><\/div><\/div><\/div><div class=\"wpb_column vc_column_container\"><div class=\"vc_column-inner\"><div class=\"wpb_text_column\"><div class=\"wpb_wrapper\"><p>Ngo Nyemb Ad\u00e9la\u00efde Cybelle<\/p>\n<\/div><\/div><\/div><\/div><\/div><div class=\"g-cols wpb_row us_custom_9a24c93d via_grid cols_2-3 laptops-cols_inherit tablets-cols_inherit mobiles-cols_1 valign_middle type_default stacking_default\"><div class=\"wpb_column vc_column_container\"><div class=\"vc_column-inner\"><div class=\"wpb_text_column\"><div class=\"wpb_wrapper\"><p>Directrice de la communication<\/p>\n<\/div><\/div><\/div><\/div><div class=\"wpb_column vc_column_container\"><div class=\"vc_column-inner\"><div class=\"wpb_text_column\"><div class=\"wpb_wrapper\"><p>Djomappi Tiako Daniella Arielle<\/p>\n<\/div><\/div><\/div><\/div><\/div><div class=\"g-cols wpb_row us_custom_4fb9e5a3 via_grid cols_2-3 laptops-cols_inherit tablets-cols_inherit mobiles-cols_1 valign_middle type_default stacking_default\"><div class=\"wpb_column vc_column_container\"><div class=\"vc_column-inner\"><div class=\"wpb_text_column\"><div class=\"wpb_wrapper\"><p>Directrice du Bureau de la traduction<\/p>\n<\/div><\/div><\/div><\/div><div class=\"wpb_column vc_column_container\"><div class=\"vc_column-inner\"><div class=\"wpb_text_column\"><div class=\"wpb_wrapper\"><p>Djamen Tchami Luciana<\/p>\n<\/div><\/div><\/div><\/div><\/div><div class=\"g-cols wpb_row us_custom_9a24c93d via_grid cols_2-3 laptops-cols_inherit tablets-cols_inherit mobiles-cols_1 valign_middle type_default stacking_default\"><div class=\"wpb_column vc_column_container\"><div class=\"vc_column-inner\"><div class=\"wpb_text_column\"><div class=\"wpb_wrapper\"><p>Docteur en chef<\/p>\n<\/div><\/div><\/div><\/div><div class=\"wpb_column vc_column_container\"><div class=\"vc_column-inner\"><div class=\"wpb_text_column\"><div class=\"wpb_wrapper\"><p>Ngatchou St\u00e9phane<\/p>\n<\/div><\/div><\/div><\/div><\/div><div class=\"g-cols wpb_row us_custom_4fb9e5a3 via_grid cols_2-3 laptops-cols_inherit tablets-cols_inherit mobiles-cols_1 valign_middle type_default stacking_default\"><div class=\"wpb_column vc_column_container\"><div class=\"vc_column-inner\"><div class=\"wpb_text_column\"><div class=\"wpb_wrapper\"><p>Repr\u00e9sentant des \u00e9tudiants<\/p>\n<\/div><\/div><\/div><\/div><div class=\"wpb_column vc_column_container\"><div class=\"vc_column-inner\"><div class=\"wpb_text_column\"><div class=\"wpb_wrapper\"><p>Simo K\u00e9vin Christophe<\/p>\n<\/div><\/div><\/div><\/div><\/div><div class=\"g-cols wpb_row us_custom_9a24c93d via_grid cols_2-3 laptops-cols_inherit tablets-cols_inherit mobiles-cols_1 valign_middle type_default stacking_default\"><div class=\"wpb_column vc_column_container\"><div class=\"vc_column-inner\"><div class=\"wpb_text_column\"><div class=\"wpb_wrapper\"><p>Manager des projets culturels<\/p>\n<\/div><\/div><\/div><\/div><div class=\"wpb_column vc_column_container\"><div class=\"vc_column-inner\"><div class=\"wpb_text_column\"><div class=\"wpb_wrapper\"><p>Ngondang Alexandre<\/p>\n<\/div><\/div><\/div><\/div><\/div><div class=\"g-cols wpb_row via_grid cols_2-3 laptops-cols_inherit tablets-cols_inherit mobiles-cols_1 valign_middle type_default stacking_default\"><div class=\"wpb_column vc_column_container\"><div class=\"vc_column-inner\"><div class=\"wpb_text_column\"><div class=\"wpb_wrapper\"><p>Conseiller du Pr\u00e9sident<\/p>\n<\/div><\/div><\/div><\/div><div class=\"wpb_column vc_column_container\"><div class=\"vc_column-inner\"><div class=\"wpb_text_column\"><div class=\"wpb_wrapper\"><p>Same Florent<\/p>\n<p>Dr. Deffo<\/p>\n<p>Dr. Clovis<\/p>\n<\/div><\/div><\/div><\/div><\/div><\/div><\/div><\/div><\/div><\/section>\n<\/section>","protected":false},"excerpt":{"rendered":"L&#8217;administration du pr\u00e9sident de la diaspora est un groupe de conseillers au service du pr\u00e9sident pour l&#8217;aider \u00e0 prendre des d\u00e9cisions. Sa composition est laiss\u00e9e \u00e0 la discr\u00e9tion du pr\u00e9sident. L&#8217;administration Pr\u00e9sidentielle est l&#8217;organe sur lequel le Pr\u00e9sident s&#8217;appuie pour obtenir des informations sur l&#8217;\u00e9tat d&#8217;avancement des affaires relevant du conseil ex\u00e9cutif. Les employ\u00e9s du...","protected":false},"author":1,"featured_media":0,"parent":0,"menu_order":0,"comment_status":"closed","ping_status":"closed","template":"","meta":[],"acf":[],"_links":{"self":[{"href":"https:\/\/diaspocam.ru\/ru\/wp-json\/wp\/v2\/pages\/194"}],"collection":[{"href":"https:\/\/diaspocam.ru\/ru\/wp-json\/wp\/v2\/pages"}],"about":[{"href":"https:\/\/diaspocam.ru\/ru\/wp-json\/wp\/v2\/types\/page"}],"author":[{"embeddable":true,"href":"https:\/\/diaspocam.ru\/ru\/wp-json\/wp\/v2\/users\/1"}],"replies":[{"embeddable":true,"href":"https:\/\/diaspocam.ru\/ru\/wp-json\/wp\/v2\/comments?post=194"}],"version-history":[{"count":10,"href":"https:\/\/diaspocam.ru\/ru\/wp-json\/wp\/v2\/pages\/194\/revisions"}],"predecessor-version":[{"id":1154,"href":"https:\/\/diaspocam.ru\/ru\/wp-json\/wp\/v2\/pages\/194\/revisions\/1154"}],"wp:attachment":[{"href":"https:\/\/diaspocam.ru\/ru\/wp-json\/wp\/v2\/media?parent=194"}],"curies":[{"name":"wp","href":"https:\/\/api.w.org\/{rel}","templated":true}]}}